{"id":1311,"date":"2025-03-10T17:17:04","date_gmt":"2025-03-10T17:17:04","guid":{"rendered":"https:\/\/iversen.consulting\/datenschutzerklaerung\/"},"modified":"2025-07-03T13:16:38","modified_gmt":"2025-07-03T13:16:38","slug":"datenschutzerklaerung","status":"publish","type":"page","link":"https:\/\/iversen.consulting\/de\/datenschutzerklaerung\/","title":{"rendered":"Datenschutz\u00aderkl\u00e4rung"},"content":{"rendered":"\n<h2 class=\"wp-block-heading\">Who we are<\/h2>\n\n<p><strong class=\"privacy-policy-tutorial\">Vorgeschlagener text<\/strong> Unsere webadresse ist: https:\/\/iversen.consulting.<\/p>\n\n<h2 class=\"wp-block-heading\">Kommentare<\/h2>\n\n<p><strong class=\"privacy-policy-tutorial\">Vorgeschlagener Text: <\/strong>Wenn Besucher Kommentare auf der Website hinterlassen, erfassen wir die im Kommentarformular angezeigten Daten sowie die IP-Adresse und den User-Agent-String des Browsers des Besuchers. Dies hilft bei der Erkennung und Vermeidung von Spam.<\/p>\n\n<p>Ein aus Ihrer E-Mail-Adresse erzeugter anonymisierter String (auch Hash genannt) kann dem Gravatar-Dienst zur Verf\u00fcgung gestellt werden, um zu pr\u00fcfen, ob Sie diesen nutzen.<br\/>Die Datenschutzrichtlinie von Gravatar finden Sie hier: https:\/\/automattic.com\/privacy\/. Nach Freigabe Ihres Kommentars ist Ihr Profilbild im Kontext Ihres Kommentars \u00f6ffentlich sichtbar. <\/p>\n\n<h2 class=\"wp-block-heading\">Medien<\/h2>\n\n<p><strong class=\"privacy-policy-tutorial\">Vorgeschlagener Text: <\/strong>Wenn Sie Bilder auf die Website hochladen, sollten Sie darauf achten, keine Bilder mit eingebetteten Standortdaten (EXIF GPS) hochzuladen. Besucher der Website k\u00f6nnen Standortdaten aus Bildern extrahieren und herunterladen. <\/p>\n\n<h2 class=\"wp-block-heading\">Cookies<\/h2>\n\n<p><strong class=\"privacy-policy-tutorial\">Vorgeschlagener Text:<\/strong> Wenn Sie einen Kommentar auf unserer Website hinterlassen, k\u00f6nnen Sie w\u00e4hlen, ob Ihr Name, Ihre E-Mail-Adresse und Ihre Website in Cookies gespeichert werden sollen. Dies dient Ihrer Bequemlichkeit, damit Sie diese Angaben nicht erneut eingeben m\u00fcssen, wenn Sie einen weiteren Kommentar schreiben. Diese Cookies bleiben ein Jahr lang gespeichert.  <\/p>\n\n<p>Wenn Sie unsere Login-Seite besuchen, setzen wir ein tempor\u00e4res Cookie, um zu pr\u00fcfen, ob Ihr Browser Cookies akzeptiert. Dieses Cookie enth\u00e4lt keine personenbezogenen Daten und wird beim Schlie\u00dfen Ihres Browsers gel\u00f6scht. <\/p>\n\n<p>Wenn Sie sich anmelden, setzen wir mehrere Cookies, um Ihre Anmeldeinformationen und Anzeigeeinstellungen zu speichern. Anmelde-Cookies bleiben zwei Tage lang bestehen, Cookies f\u00fcr Anzeigeoptionen ein Jahr. Wenn Sie \u201eAngemeldet bleiben\u201c ausw\u00e4hlen, bleibt Ihre Anmeldung zwei Wochen lang bestehen. Beim Abmelden werden die Anmelde-Cookies gel\u00f6scht.   <\/p>\n\n<p>Wenn Sie einen Beitrag bearbeiten oder ver\u00f6ffentlichen, wird ein zus\u00e4tzlicher Cookie in Ihrem Browser gespeichert. Dieser Cookie enth\u00e4lt keine personenbezogenen Daten und gibt lediglich die Beitrags-ID des gerade bearbeiteten Artikels an. Er verf\u00e4llt nach einem Tag.  <\/p>\n\n<h2 class=\"wp-block-heading\">Eingebettete Inhalte von anderen Websites<\/h2>\n\n<p><strong class=\"privacy-policy-tutorial\">Vorgeschlagener Text:<\/strong> Beitr\u00e4ge auf dieser Website k\u00f6nnen eingebettete Inhalte enthalten (z.\u202fB. Videos, Bilder, Artikel etc.). Eingebettete Inhalte von anderen Websites verhalten sich exakt so, als h\u00e4tte der Besucher die jeweilige externe Website besucht. <\/p>\n\n<p>Diese Websites k\u00f6nnen Daten \u00fcber Sie sammeln, Cookies verwenden, zus\u00e4tzliche Tracking-Dienste von Dritten einbetten und Ihre Interaktion mit diesen eingebetteten Inhalten \u00fcberwachen \u2013 einschlie\u00dflich der Interaktion, wenn Sie ein Konto auf dieser Website haben und dort angemeldet sind.<\/p>\n\n<h2 class=\"wp-block-heading\">An wen wir Ihre Ihre Daten weitergeben<\/h2>\n\n<p><strong class=\"privacy-policy-tutorial\">Vorgeschlagener Text: <\/strong>Wenn Sie ein Zur\u00fccksetzen Ihres Passworts anfordern, wird Ihre IP-Adresse in die E-Mail zum Zur\u00fccksetzen aufgenommen.<\/p>\n\n<h2 class=\"wp-block-heading\">Wie lange wir Ihre Daten speichern<\/h2>\n\n<p><strong class=\"privacy-policy-tutorial\">Vorgeschlagener Text:<\/strong> Wenn Sie einen Kommentar hinterlassen, wird dieser inklusive Metadaten unbegrenzt gespeichert. So k\u00f6nnen wir Folgekommentare automatisch erkennen und freigeben, ohne sie in eine Moderationswarteschlange zu stellen. <\/p>\n\n<p>F\u00fcr Nutzer, die sich auf unserer Website registrieren (falls zutreffend), speichern wir auch die von ihnen angegebenen personenbezogenen Daten im Nutzerprofil. Alle Nutzer k\u00f6nnen ihre pers\u00f6nlichen Informationen jederzeit einsehen, bearbeiten oder l\u00f6schen (der Benutzername kann nicht ge\u00e4ndert werden). Website-Administratoren k\u00f6nnen diese Informationen ebenfalls einsehen und bearbeiten.  <\/p>\n\n<h2 class=\"wp-block-heading\">Welche Rechte Sie an Ihren Daten haben<\/h2>\n\n<p><strong class=\"privacy-policy-tutorial\">Vorgeschlagener Text:<\/strong> Wenn Sie ein Konto auf dieser Website besitzen oder Kommentare hinterlassen haben, k\u00f6nnen Sie einen Export Ihrer gespeicherten personenbezogenen Daten anfordern, einschlie\u00dflich aller Daten, die Sie uns mitgeteilt haben. Sie k\u00f6nnen au\u00dferdem die L\u00f6schung s\u00e4mtlicher personenbezogener Daten verlangen, die wir \u00fcber Sie gespeichert haben. Dies umfasst keine Daten, die wir aus administrativen, rechtlichen oder sicherheitsrelevanten Gr\u00fcnden aufbewahren m\u00fcssen.  <\/p>\n\n<h2 class=\"wp-block-heading\">Wohin Ihre Daten gesendet werden<\/h2>\n\n<p><strong class=\"privacy-policy-tutorial\">Vorgeschlagener Text:<\/strong> Besucherkommentare k\u00f6nnten von einem automatisierten Dienst zur Spam-Erkennung \u00fcberpr\u00fcft werden.<\/p>\n","protected":false},"excerpt":{"rendered":"<p>Who we are Vorgeschlagener text Unsere webadresse ist: https:\/\/iversen.consulting. Kommentare Vorgeschlagener Text: Wenn Besucher Kommentare auf der Website hinterlassen, erfassen wir die im Kommentarformular angezeigten Daten sowie die IP-Adresse und den User-Agent-String des Browsers des Besuchers. Dies hilft bei der Erkennung und Vermeidung von Spam. Ein aus Ihrer E-Mail-Adresse erzeugter anonymisierter String (auch Hash genannt) [&hellip;]<\/p>\n","protected":false},"author":1,"featured_media":0,"parent":0,"menu_order":0,"comment_status":"closed","ping_status":"closed","template":"","meta":{"footnotes":""},"class_list":["post-1311","page","type-page","status-publish","hentry"],"_links":{"self":[{"href":"https:\/\/iversen.consulting\/de\/wp-json\/wp\/v2\/pages\/1311","targetHints":{"allow":["GET"]}}],"collection":[{"href":"https:\/\/iversen.consulting\/de\/wp-json\/wp\/v2\/pages"}],"about":[{"href":"https:\/\/iversen.consulting\/de\/wp-json\/wp\/v2\/types\/page"}],"author":[{"embeddable":true,"href":"https:\/\/iversen.consulting\/de\/wp-json\/wp\/v2\/users\/1"}],"replies":[{"embeddable":true,"href":"https:\/\/iversen.consulting\/de\/wp-json\/wp\/v2\/comments?post=1311"}],"version-history":[{"count":1,"href":"https:\/\/iversen.consulting\/de\/wp-json\/wp\/v2\/pages\/1311\/revisions"}],"predecessor-version":[{"id":1312,"href":"https:\/\/iversen.consulting\/de\/wp-json\/wp\/v2\/pages\/1311\/revisions\/1312"}],"wp:attachment":[{"href":"https:\/\/iversen.consulting\/de\/wp-json\/wp\/v2\/media?parent=1311"}],"curies":[{"name":"wp","href":"https:\/\/api.w.org\/{rel}","templated":true}]}}